{"id":44,"date":"2024-06-05T09:18:08","date_gmt":"2024-06-05T07:18:08","guid":{"rendered":"https:\/\/www.pruzimiruku.com\/?page_id=44"},"modified":"2024-08-13T10:47:52","modified_gmt":"2024-08-13T08:47:52","slug":"o-nama","status":"publish","type":"page","link":"https:\/\/www.pruzimiruku.com\/index.php\/o-nama\/","title":{"rendered":"O nama"},"content":{"rendered":"\n<div class=\"wp-block-columns is-layout-flex wp-container-core-columns-is-layout-9d6595d7 wp-block-columns-is-layout-flex\">\n<div class=\"wp-block-column is-layout-flow wp-block-column-is-layout-flow\" style=\"flex-basis:100%\">\n<div class=\"wp-block-group alignfull has-accent-background-color has-background\" style=\"margin-top:0;margin-bottom:0;padding-top:var(--wp--preset--spacing--50);padding-right:var(--wp--preset--spacing--50);padding-bottom:var(--wp--preset--spacing--50);padding-left:var(--wp--preset--spacing--50)\"><div class=\"wp-block-group__inner-container is-layout-constrained wp-container-core-group-is-layout-2bafd31c wp-block-group-is-layout-constrained\">\n<h2 class=\"wp-block-heading alignfull has-text-align-center\">Humanitarna udruga &#8220;Pru\u017ei mi ruku&#8221;<\/h2>\n<\/div><\/div>\n<\/div>\n<\/div>\n\n\n\n<div class=\"wp-block-columns is-layout-flex wp-container-core-columns-is-layout-9d6595d7 wp-block-columns-is-layout-flex\">\n<div class=\"wp-block-column is-layout-flow wp-block-column-is-layout-flow\" style=\"flex-basis:100%\">\n<pre class=\"wp-block-preformatted has-background has-medium-font-size\" style=\"background:linear-gradient(135deg,rgb(238,238,238) 0%,rgb(254,254,254) 59%,rgb(169,184,195) 100%)\">Na\u0161a vizija je stvoriti zajednicu u kojoj svaka osoba mo\u017ee osjetiti podr\u0161ku i brigu, te se osje\u0107ati uklju\u010denom i va\u017enom unato\u010d izazovima s kojima se suo\u010dava. <br><br>Na\u0161a misija je pru\u017eiti prakti\u010dnu pomo\u0107 i emotivnu podr\u0161ku kroz razne aktivnosti kao \u0161to su dostavu osnovnih potrep\u0161tina, organizaciju prijevoza do medicinskih ustanova te anga\u017eman volontera na pobolj\u0161anju kvalitete \u017eivota najugro\u017eenijih \u010dlanova na\u0161e zajednice.<\/pre>\n<\/div>\n<\/div>\n","protected":false},"excerpt":{"rendered":"<p>Humanitarna udruga &#8220;Pru\u017ei mi ruku&#8221; Na\u0161a vizija je stvoriti zajednicu u kojoj svaka osoba mo\u017ee osjetiti podr\u0161ku i brigu, te se osje\u0107ati uklju\u010denom i va\u017enom unato\u010d izazovima s kojima se &#8230;<\/p>\n","protected":false},"author":2,"featured_media":0,"parent":0,"menu_order":0,"comment_status":"closed","ping_status":"closed","template":"","meta":{"footnotes":""},"class_list":["post-44","page","type-page","status-publish","hentry"],"jetpack_sharing_enabled":true,"_links":{"self":[{"href":"https:\/\/www.pruzimiruku.com\/index.php\/wp-json\/wp\/v2\/pages\/44","targetHints":{"allow":["GET"]}}],"collection":[{"href":"https:\/\/www.pruzimiruku.com\/index.php\/wp-json\/wp\/v2\/pages"}],"about":[{"href":"https:\/\/www.pruzimiruku.com\/index.php\/wp-json\/wp\/v2\/types\/page"}],"author":[{"embeddable":true,"href":"https:\/\/www.pruzimiruku.com\/index.php\/wp-json\/wp\/v2\/users\/2"}],"replies":[{"embeddable":true,"href":"https:\/\/www.pruzimiruku.com\/index.php\/wp-json\/wp\/v2\/comments?post=44"}],"version-history":[{"count":15,"href":"https:\/\/www.pruzimiruku.com\/index.php\/wp-json\/wp\/v2\/pages\/44\/revisions"}],"predecessor-version":[{"id":1627,"href":"https:\/\/www.pruzimiruku.com\/index.php\/wp-json\/wp\/v2\/pages\/44\/revisions\/1627"}],"wp:attachment":[{"href":"https:\/\/www.pruzimiruku.com\/index.php\/wp-json\/wp\/v2\/media?parent=44"}],"curies":[{"name":"wp","href":"https:\/\/api.w.org\/{rel}","templated":true}]}}